{"id":23335,"date":"2022-11-19T15:44:46","date_gmt":"2022-11-19T15:44:46","guid":{"rendered":"https:\/\/www.greenclimate.com.tr\/%d8%b3%d8%a7%d8%b2%d9%85%d8%a7%d9%86%db%8c\/"},"modified":"2025-03-04T06:25:07","modified_gmt":"2025-03-04T06:25:07","slug":"%d8%b3%d8%a7%d8%b2%d9%85%d8%a7%d9%86%db%8c","status":"publish","type":"page","link":"https:\/\/www.greenclimate.com.tr\/fa\/%d8%b3%d8%a7%d8%b2%d9%85%d8%a7%d9%86%db%8c\/","title":{"rendered":"\u0633\u0627\u0632\u0645\u0627\u0646\u06cc"},"content":{"rendered":"\t\t<div data-elementor-type=\"wp-page\" data-elementor-id=\"23335\" class=\"elementor elementor-23335 elementor-12941\" data-elementor-post-type=\"page\">\n\t\t\t\t<div class=\"elementor-element elementor-element-3f2e287 e-flex e-con-boxed e-con e-parent\" data-id=\"3f2e287\" data-element_type=\"container\">\n\t\t\t\t\t<div class=\"e-con-inner\">\n\t\t\t\t<div class=\"elementor-element elementor-element-ee91e69 elementor-widget elementor-widget-image\" data-id=\"ee91e69\" data-element_type=\"widget\" data-widget_type=\"image.default\">\n\t\t\t\t<div class=\"elementor-widget-container\">\n\t\t\t\t\t\t\t\t\t\t\t\t\t\t\t\t<a href=\"https:\/\/www.greenclimate.com.tr\/fa\/\">\n\t\t\t\t\t\t\t<img fetchpriority=\"high\" decoding=\"async\" width=\"1024\" height=\"215\" src=\"https:\/\/www.greenclimate.com.tr\/wp-content\/uploads\/2023\/08\/BANNER-e1699436442255-1024x215.png\" class=\"attachment-large size-large wp-image-23775\" alt=\"\" srcset=\"https:\/\/www.greenclimate.com.tr\/wp-content\/uploads\/2023\/08\/BANNER-e1699436442255-1024x215.png 1024w, https:\/\/www.greenclimate.com.tr\/wp-content\/uploads\/2023\/08\/BANNER-e1699436442255-300x63.png 300w, https:\/\/www.greenclimate.com.tr\/wp-content\/uploads\/2023\/08\/BANNER-e1699436442255-768x161.png 768w, https:\/\/www.greenclimate.com.tr\/wp-content\/uploads\/2023\/08\/BANNER-e1699436442255-1536x322.png 1536w, https:\/\/www.greenclimate.com.tr\/wp-content\/uploads\/2023\/08\/BANNER-e1699436442255-1000x210.png 1000w, https:\/\/www.greenclimate.com.tr\/wp-content\/uploads\/2023\/08\/BANNER-e1699436442255.png 1563w\" sizes=\"(max-width: 1024px) 100vw, 1024px\" \/>\t\t\t\t\t\t\t\t<\/a>\n\t\t\t\t\t\t\t\t\t\t\t\t\t\t\t<\/div>\n\t\t\t\t<\/div>\n\t\t\t\t\t<\/div>\n\t\t\t\t<\/div>\n\t\t<div class=\"elementor-element elementor-element-769041a e-flex e-con-boxed e-con e-parent\" data-id=\"769041a\" data-element_type=\"container\" data-settings=\"{&quot;background_background&quot;:&quot;classic&quot;}\">\n\t\t\t\t\t<div class=\"e-con-inner\">\n\t\t<div class=\"elementor-element elementor-element-a1f404a e-con-full e-flex e-con e-child\" data-id=\"a1f404a\" data-element_type=\"container\" data-settings=\"{&quot;background_background&quot;:&quot;classic&quot;}\">\n\t\t\t\t<div class=\"elementor-element elementor-element-5640e1f elementor-widget elementor-widget-ucaddon_ue_accordion_menu\" data-id=\"5640e1f\" data-element_type=\"widget\" data-widget_type=\"ucaddon_ue_accordion_menu.default\">\n\t\t\t\t<div class=\"elementor-widget-container\">\n\t\t\t\t\t<!-- start Accordion Menu -->\n\t\t<link id='font-awesome-css' href='https:\/\/www.greenclimate.com.tr\/wp-content\/plugins\/unlimited-elements-for-elementor-premium\/assets_libraries\/font-awesome5\/css\/fontawesome-all.min.css' type='text\/css' rel='stylesheet' >\n\t\t<link id='font-awesome-4-shim-css' href='https:\/\/www.greenclimate.com.tr\/wp-content\/plugins\/unlimited-elements-for-elementor-premium\/assets_libraries\/font-awesome5\/css\/fontawesome-v4-shims.css' type='text\/css' rel='stylesheet' >\n\n\t\t\t<style type=\"text\/css\">\/* widget: Accordion Menu *\/\n\n#uc_ue_accordion_menu_elementor_5640e1f *\n{\n  box-sizing:border-box;\n}\n\n#uc_ue_accordion_menu_elementor_5640e1f .uc-side-menu-wrapper\n{\n  position:relative;\n}\n\n\t\n\t\n#uc_ue_accordion_menu_elementor_5640e1f .collapsed .uc-menu-item-pointer:after{\n\tcontent: \"\";\n    background-image: url(https:\/\/www.greenclimate.com.tr\/wp-content\/uploads\/ac_assets\/ue_accordion_menu\/\/fa_unicode.svg);\n    \n      \n            font-family: \"Font Awesome 5 Free\";\n        content: \"\\f107\" !important;;\n        font-weight: 900;\n        line-height:1em;\n  \t\tbackground-image:none;\n      \n\n    display: inline-block;\n    background-repeat: no-repeat;\n    background-position: center;\n    background-size:contain;\n\n    vertical-align: middle;\n}\n\n#uc_ue_accordion_menu_elementor_5640e1f .expanded .uc-menu-item-pointer:after{\n    \n  \tcontent:\"\";\n    background-image: url(https:\/\/www.greenclimate.com.tr\/wp-content\/uploads\/ac_assets\/ue_accordion_menu\/\/fa_unicode.svg);\n\t\n      \n            font-family: \"Font Awesome 5 Free\";\n        content: \"\\f106\" !important;;\n        font-weight: 900;\n        line-height:1em;\n  \t\tbackground-image:none;\n        \n\n    display: inline-block;\n    background-repeat: no-repeat;\n    background-position: center;\n    background-size:contain;\n    vertical-align: middle;\n}\n\n#uc_ue_accordion_menu_elementor_5640e1f .uc-side-menu-items ul li a{\n\tdisplay: flex;\n  \tjustify-content: start;  \t\n}\n\n\t\n\n\n#uc_ue_accordion_menu_elementor_5640e1f .uc-side-menu-items\n{\n  position:relative;\n  overflow-x: hidden;\n  transition:1s;\n}\n\n#uc_ue_accordion_menu_elementor_5640e1f .open_side_menu\n{\n  cursor:pointer;\n  display:flex;\n  align-items:center;\n  justify-content:center;\n  transition:1s;\n}\n\n#uc_ue_accordion_menu_elementor_5640e1f .uc-side-menu-title\n{\n  text-align:left;\n}\n\n\n#uc_ue_accordion_menu_elementor_5640e1f .uc-side-menu-items ul\n{\n  padding:0px;\n  margin:0px;\n  list-style:none;\n}\n\n#uc_ue_accordion_menu_elementor_5640e1f .uc-side-menu-items ul a\n{\n  display:block;\n  text-decoration:none;\n}\n\n\n#uc_ue_accordion_menu_elementor_5640e1f .sub-menu {\n    overflow: hidden;\n    list-style: none;\n    height: auto;\n    transition: 0.5s;\n    display:none;\n}\n\n.uc-no-transition .sub-menu {\n    transition: none;  \n}\n\n<\/style>\n\n\t\t\t<div id=\"uc_ue_accordion_menu_elementor_5640e1f\" class=\"side-menu-holder\" data-closeothers=\"no\" data-clickable=\"false\" data-start-closed-always=\"false\">\n\n  <div class=\"uc-side-menu-items\">\n    <div class=\"uc-header\">\n\n      \n    <\/div>\n\n    <ul id=\"menu-kurumsal-farsca\" class=\"uc-list-menu\"><li id=\"menu-item-31413\" class=\"menu-item menu-item-type-post_type menu-item-object-page menu-item-31413\"><a href=\"https:\/\/www.greenclimate.com.tr\/fa\/%d8%b3%d8%a7%d8%b2%d9%85%d8%a7%d9%86%db%8c\/%d8%af%d8%b1%d8%a8%d8%a7%d8%b1%d9%87-%d9%85%d8%a7\/\">\u062f\u0631\u0628\u0627\u0631\u0647 \u0645\u0627<\/a><\/li>\n<li id=\"menu-item-31414\" class=\"menu-item menu-item-type-post_type menu-item-object-page menu-item-31414\"><a href=\"https:\/\/www.greenclimate.com.tr\/fa\/%d8%b3%d8%a7%d8%b2%d9%85%d8%a7%d9%86%db%8c\/%da%86%d8%b4%d9%85-%d8%a7%d9%86%d8%af%d8%a7%d8%b2-%d9%85%d8%a7%d9%85%d9%88%d8%b1%db%8c%d8%aa\/\">\u0686\u0634\u0645 \u0627\u0646\u062f\u0627\u0632 \u0645\u0627\u0645\u0648\u0631\u06cc\u062a<\/a><\/li>\n<li id=\"menu-item-31415\" class=\"menu-item menu-item-type-post_type menu-item-object-page menu-item-31415\"><a href=\"https:\/\/www.greenclimate.com.tr\/fa\/%d8%b3%d8%a7%d8%b2%d9%85%d8%a7%d9%86%db%8c\/%d8%b4%d8%b1%da%a9%d8%a7%db%8c-%d9%85%d8%a7\/\">\u0634\u0631\u06a9\u0627\u06cc \u0645\u0627<\/a><\/li>\n<li id=\"menu-item-31416\" class=\"menu-item menu-item-type-post_type menu-item-object-page menu-item-31416\"><a href=\"https:\/\/www.greenclimate.com.tr\/fa\/%d8%b3%d8%a7%d8%b2%d9%85%d8%a7%d9%86%db%8c\/%d8%ae%d8%b7-%d9%85%d8%b4%db%8c-%d8%b4%d8%b1%da%a9%d8%aa-%d9%85%d8%a7\/\">\u062e\u0637 \u0645\u0634\u06cc \u0634\u0631\u06a9\u062a \u0645\u0627<\/a><\/li>\n<li id=\"menu-item-31417\" class=\"menu-item menu-item-type-post_type menu-item-object-page menu-item-31417\"><a href=\"https:\/\/www.greenclimate.com.tr\/fa\/%d8%b3%d8%a7%d8%b2%d9%85%d8%a7%d9%86%db%8c\/%d8%b3%db%8c%d8%a7%d8%b3%d8%aa-%d8%ad%d9%81%d8%b8-%d8%ad%d8%b1%db%8c%d9%85-%d8%ae%d8%b5%d9%88%d8%b5%db%8c-%d9%88%d8%a8-%d8%b3%d8%a7%db%8c%d8%aa\/\">\u0633\u06cc\u0627\u0633\u062a \u062d\u0641\u0638 \u062d\u0631\u06cc\u0645 \u062e\u0635\u0648\u0635\u06cc \u0648\u0628 \u0633\u0627\u06cc\u062a<\/a><\/li>\n<\/ul>\n    \n  <\/div>\n\n<\/div>\n\t\t\t<!-- end Accordion Menu -->\t\t\t\t<\/div>\n\t\t\t\t<\/div>\n\t\t\t\t<\/div>\n\t\t\t\t\t<\/div>\n\t\t\t\t<\/div>\n\t\t\t\t<\/div>\n\t\t","protected":false},"excerpt":{"rendered":"<p>HAKKIMIZDA M\u0130SYON-V\u0130ZYON PARTNERLEM\u0130Z \u015e\u0130RKET POL\u0130T\u0130KAMIZ WEB S\u0130TES\u0130 G\u0130ZL\u0130L\u0130K POL\u0130T\u0130KASI<\/p>\n","protected":false},"author":1,"featured_media":0,"parent":0,"menu_order":20,"comment_status":"closed","ping_status":"closed","template":"elementor_theme","meta":{"footnotes":""},"class_list":["post-23335","page","type-page","status-publish","hentry"],"jetpack_sharing_enabled":true,"_links":{"self":[{"href":"https:\/\/www.greenclimate.com.tr\/fa\/wp-json\/wp\/v2\/pages\/23335","targetHints":{"allow":["GET"]}}],"collection":[{"href":"https:\/\/www.greenclimate.com.tr\/fa\/wp-json\/wp\/v2\/pages"}],"about":[{"href":"https:\/\/www.greenclimate.com.tr\/fa\/wp-json\/wp\/v2\/types\/page"}],"author":[{"embeddable":true,"href":"https:\/\/www.greenclimate.com.tr\/fa\/wp-json\/wp\/v2\/users\/1"}],"replies":[{"embeddable":true,"href":"https:\/\/www.greenclimate.com.tr\/fa\/wp-json\/wp\/v2\/comments?post=23335"}],"version-history":[{"count":8,"href":"https:\/\/www.greenclimate.com.tr\/fa\/wp-json\/wp\/v2\/pages\/23335\/revisions"}],"predecessor-version":[{"id":28290,"href":"https:\/\/www.greenclimate.com.tr\/fa\/wp-json\/wp\/v2\/pages\/23335\/revisions\/28290"}],"wp:attachment":[{"href":"https:\/\/www.greenclimate.com.tr\/fa\/wp-json\/wp\/v2\/media?parent=23335"}],"curies":[{"name":"wp","href":"https:\/\/api.w.org\/{rel}","templated":true}]}}